{"id":83,"date":"2021-12-16T19:23:42","date_gmt":"2021-12-16T22:23:42","guid":{"rendered":"http:\/\/imwsa.localhost\/pt\/ubicacion\/"},"modified":"2022-12-23T18:44:02","modified_gmt":"2022-12-23T21:44:02","slug":"ubicacion","status":"publish","type":"page","link":"https:\/\/www.actuabras.com.br\/pt\/ubicacion\/","title":{"rendered":"Localiza\u00e7\u00e3o"},"content":{"rendered":"\n<div class=\"wp-block-cover alignfull wp-duotone-000000-rgb6317160-1\" style=\"min-height:25em;aspect-ratio:unset;\"><span aria-hidden=\"true\" class=\"wp-block-cover__background has-background-dim-90 has-background-dim\" style=\"background-color:#3fab3c\"><\/span><img decoding=\"async\" width=\"2560\" height=\"867\" class=\"wp-block-cover__image-background wp-image-3036\" alt=\"\" src=\"https:\/\/www.actuabras.com.br\/pt\/wp-content\/uploads\/sites\/3\/2022\/12\/actuabras-scaled.webp\" style=\"object-position:51% 55%\" data-object-fit=\"cover\" data-object-position=\"51% 55%\" srcset=\"https:\/\/www.actuabras.com.br\/pt\/wp-content\/uploads\/sites\/3\/2022\/12\/actuabras-scaled.webp 2560w, https:\/\/www.actuabras.com.br\/pt\/wp-content\/uploads\/sites\/3\/2022\/12\/actuabras-300x102.webp 300w, https:\/\/www.actuabras.com.br\/pt\/wp-content\/uploads\/sites\/3\/2022\/12\/actuabras-1024x347.webp 1024w, https:\/\/www.actuabras.com.br\/pt\/wp-content\/uploads\/sites\/3\/2022\/12\/actuabras-768x260.webp 768w, https:\/\/www.actuabras.com.br\/pt\/wp-content\/uploads\/sites\/3\/2022\/12\/actuabras-1536x520.webp 1536w, https:\/\/www.actuabras.com.br\/pt\/wp-content\/uploads\/sites\/3\/2022\/12\/actuabras-2048x693.webp 2048w, https:\/\/www.actuabras.com.br\/pt\/wp-content\/uploads\/sites\/3\/2022\/12\/actuabras-1568x531.webp 1568w\" sizes=\"(max-width: 2560px) 100vw, 2560px\" \/><div class=\"wp-block-cover__inner-container is-layout-flow wp-block-cover-is-layout-flow\">\n<h1 class=\"has-text-align-right sombra1 wp-block-heading\"> Localiza\u00e7\u00e3o <\/h1>\n\n\n\n<p><\/p>\n<\/div><\/div>\n\n\n\n<div class=\"wp-block-columns alignfull is-layout-flex wp-container-core-columns-is-layout-9d6595d7 wp-block-columns-is-layout-flex\">\n<div class=\"wp-block-column is-layout-flow wp-block-column-is-layout-flow\">\n<div class=\"mapouter\"><div class=\"gmap_canvas\"><iframe width=\"2700\" height=\"563\" id=\"gmap_canvas\" src=\"https:\/\/www.google.com\/maps\/embed?pb=!1m18!1m12!1m3!1d3501.8302146706696!2d-53.08997121153915!3d-28.634850306721884!2m3!1f0!2f0!3f0!3m2!1i1024!2i768!4f13.1!3m3!1m2!1s0x94fd68808be89d3f%3A0x4319d2bb7f7fd2f1!2sR.%20Diniz%20Dias%2C%2058%20-%20Planalto%2C%20Ibirub%C3%A1%20-%20RS%2C%2098200-000%2C%20Brasil!5e0!3m2!1ses-419!2sar!4v1668718641001!5m2!1ses-419!2sar\" frameborder=\"0\" scrolling=\"no\" marginheight=\"0\" marginwidth=\"0\"><\/iframe><a href=\"https:\/\/www.whatismyip-address.com\/divi-discount\/\"><\/a><br><style>.mapouter{position:relative;text-align:right;height:563px;width:2700px;}<\/style><a href=\"https:\/\/www.embedgooglemap.net\">embedgooglemap.net<\/a><style>.gmap_canvas {overflow:hidden;background:none!important;height:563px;width:2700px;}<\/style><\/div><\/div>\n<\/div>\n<\/div>\n\n\n\n<div class=\"wp-block-columns is-layout-flex wp-container-core-columns-is-layout-9d6595d7 wp-block-columns-is-layout-flex\">\n<div class=\"wp-block-column is-layout-flow wp-block-column-is-layout-flow\">\n<div class=\"wp-block-buttons is-layout-flex wp-block-buttons-is-layout-flex\">\n<div class=\"wp-block-button\"><a class=\"wp-block-button__link\" href=\"https:\/\/www.google.com\/maps\/place\/R.+Diniz+Dias,+58+-+Planalto,+Ibirub%C3%A1+-+RS,+98200-000,+Brasil\/@-28.6347185,-53.0923423,17z\/data=!3m1!4b1!4m5!3m4!1s0x94fd68808be89d3f:0x4319d2bb7f7fd2f1!8m2!3d-28.6347232!4d-53.0901536\" target=\"_blank\" rel=\"noreferrer noopener\">GPS<\/a><\/div>\n<\/div>\n<\/div>\n<\/div>\n","protected":false},"excerpt":{"rendered":"<p>embedgooglemap.net&hellip; <a class=\"more-link\" href=\"https:\/\/www.actuabras.com.br\/pt\/ubicacion\/\">Mas info<\/a><\/p>\n","protected":false},"author":1,"featured_media":0,"parent":0,"menu_order":0,"comment_status":"closed","ping_status":"closed","template":"","meta":{"_acf_changed":false,"footnotes":""},"product_category":[],"class_list":["post-83","page","type-page","status-publish","hentry","entry"],"acf":[],"yoast_head":"<!-- This site is optimized with the Yoast SEO plugin v24.9 - https:\/\/yoast.com\/wordpress\/plugins\/seo\/ -->\n<title>Localiza\u00e7\u00e3o - IMWSA Portugu\u00eas<\/title>\n<meta name=\"robots\" content=\"index, follow, max-snippet:-1, max-image-preview:large, max-video-preview:-1\" \/>\n<link rel=\"canonical\" href=\"https:\/\/www.actuabras.com.br\/pt\/ubicacion\/\" \/>\n<meta property=\"og:locale\" content=\"pt_BR\" \/>\n<meta property=\"og:type\" content=\"article\" \/>\n<meta property=\"og:title\" content=\"Localiza\u00e7\u00e3o - IMWSA Portugu\u00eas\" \/>\n<meta property=\"og:description\" content=\"embedgooglemap.net&hellip; Mas info\" \/>\n<meta property=\"og:url\" content=\"https:\/\/www.actuabras.com.br\/pt\/ubicacion\/\" \/>\n<meta property=\"og:site_name\" content=\"IMWSA Portugu\u00eas\" \/>\n<meta property=\"article:modified_time\" content=\"2022-12-23T21:44:02+00:00\" \/>\n<meta property=\"og:image\" content=\"https:\/\/www.actuabras.com.br\/pt\/wp-content\/uploads\/sites\/3\/2022\/12\/actuabras-scaled.webp\" \/>\n<meta name=\"twitter:card\" content=\"summary_large_image\" \/>\n<meta name=\"twitter:label1\" content=\"Est. tempo de leitura\" \/>\n\t<meta name=\"twitter:data1\" content=\"1 minuto\" \/>\n<script type=\"application\/ld+json\" class=\"yoast-schema-graph\">{\"@context\":\"https:\/\/schema.org\",\"@graph\":[{\"@type\":\"WebPage\",\"@id\":\"https:\/\/www.actuabras.com.br\/pt\/ubicacion\/\",\"url\":\"https:\/\/www.actuabras.com.br\/pt\/ubicacion\/\",\"name\":\"Localiza\u00e7\u00e3o - IMWSA Portugu\u00eas\",\"isPartOf\":{\"@id\":\"https:\/\/www.actuabras.com.br\/pt\/#website\"},\"primaryImageOfPage\":{\"@id\":\"https:\/\/www.actuabras.com.br\/pt\/ubicacion\/#primaryimage\"},\"image\":{\"@id\":\"https:\/\/www.actuabras.com.br\/pt\/ubicacion\/#primaryimage\"},\"thumbnailUrl\":\"https:\/\/www.actuabras.com.br\/pt\/wp-content\/uploads\/sites\/3\/2022\/12\/actuabras-scaled.webp\",\"datePublished\":\"2021-12-16T22:23:42+00:00\",\"dateModified\":\"2022-12-23T21:44:02+00:00\",\"inLanguage\":\"pt-BR\",\"potentialAction\":[{\"@type\":\"ReadAction\",\"target\":[\"https:\/\/www.actuabras.com.br\/pt\/ubicacion\/\"]}]},{\"@type\":\"ImageObject\",\"inLanguage\":\"pt-BR\",\"@id\":\"https:\/\/www.actuabras.com.br\/pt\/ubicacion\/#primaryimage\",\"url\":\"https:\/\/www.actuabras.com.br\/pt\/wp-content\/uploads\/sites\/3\/2022\/12\/actuabras-scaled.webp\",\"contentUrl\":\"https:\/\/www.actuabras.com.br\/pt\/wp-content\/uploads\/sites\/3\/2022\/12\/actuabras-scaled.webp\",\"width\":2560,\"height\":867},{\"@type\":\"WebSite\",\"@id\":\"https:\/\/www.actuabras.com.br\/pt\/#website\",\"url\":\"https:\/\/www.actuabras.com.br\/pt\/\",\"name\":\"IMWSA Portugu\u00eas\",\"description\":\"Otro sitio m\u00e1s de IMW SA Sites\",\"publisher\":{\"@id\":\"https:\/\/www.actuabras.com.br\/pt\/#organization\"},\"potentialAction\":[{\"@type\":\"SearchAction\",\"target\":{\"@type\":\"EntryPoint\",\"urlTemplate\":\"https:\/\/www.actuabras.com.br\/pt\/?s={search_term_string}\"},\"query-input\":{\"@type\":\"PropertyValueSpecification\",\"valueRequired\":true,\"valueName\":\"search_term_string\"}}],\"inLanguage\":\"pt-BR\"},{\"@type\":\"Organization\",\"@id\":\"https:\/\/www.actuabras.com.br\/pt\/#organization\",\"name\":\"IMWSA Portugu\u00eas\",\"url\":\"https:\/\/www.actuabras.com.br\/pt\/\",\"logo\":{\"@type\":\"ImageObject\",\"inLanguage\":\"pt-BR\",\"@id\":\"https:\/\/www.actuabras.com.br\/pt\/#\/schema\/logo\/image\/\",\"url\":\"https:\/\/www.actuabras.com.br\/pt\/wp-content\/uploads\/sites\/3\/2022\/11\/Logo-ACTUABRAS-e1669304791511.jpg\",\"contentUrl\":\"https:\/\/www.actuabras.com.br\/pt\/wp-content\/uploads\/sites\/3\/2022\/11\/Logo-ACTUABRAS-e1669304791511.jpg\",\"width\":473,\"height\":217,\"caption\":\"IMWSA Portugu\u00eas\"},\"image\":{\"@id\":\"https:\/\/www.actuabras.com.br\/pt\/#\/schema\/logo\/image\/\"}}]}<\/script>\n<!-- \/ Yoast SEO plugin. -->","yoast_head_json":{"title":"Localiza\u00e7\u00e3o - IMWSA Portugu\u00eas","robots":{"index":"index","follow":"follow","max-snippet":"max-snippet:-1","max-image-preview":"max-image-preview:large","max-video-preview":"max-video-preview:-1"},"canonical":"https:\/\/www.actuabras.com.br\/pt\/ubicacion\/","og_locale":"pt_BR","og_type":"article","og_title":"Localiza\u00e7\u00e3o - IMWSA Portugu\u00eas","og_description":"embedgooglemap.net&hellip; Mas info","og_url":"https:\/\/www.actuabras.com.br\/pt\/ubicacion\/","og_site_name":"IMWSA Portugu\u00eas","article_modified_time":"2022-12-23T21:44:02+00:00","og_image":[{"url":"https:\/\/www.actuabras.com.br\/pt\/wp-content\/uploads\/sites\/3\/2022\/12\/actuabras-scaled.webp","type":"","width":"","height":""}],"twitter_card":"summary_large_image","twitter_misc":{"Est. tempo de leitura":"1 minuto"},"schema":{"@context":"https:\/\/schema.org","@graph":[{"@type":"WebPage","@id":"https:\/\/www.actuabras.com.br\/pt\/ubicacion\/","url":"https:\/\/www.actuabras.com.br\/pt\/ubicacion\/","name":"Localiza\u00e7\u00e3o - IMWSA Portugu\u00eas","isPartOf":{"@id":"https:\/\/www.actuabras.com.br\/pt\/#website"},"primaryImageOfPage":{"@id":"https:\/\/www.actuabras.com.br\/pt\/ubicacion\/#primaryimage"},"image":{"@id":"https:\/\/www.actuabras.com.br\/pt\/ubicacion\/#primaryimage"},"thumbnailUrl":"https:\/\/www.actuabras.com.br\/pt\/wp-content\/uploads\/sites\/3\/2022\/12\/actuabras-scaled.webp","datePublished":"2021-12-16T22:23:42+00:00","dateModified":"2022-12-23T21:44:02+00:00","inLanguage":"pt-BR","potentialAction":[{"@type":"ReadAction","target":["https:\/\/www.actuabras.com.br\/pt\/ubicacion\/"]}]},{"@type":"ImageObject","inLanguage":"pt-BR","@id":"https:\/\/www.actuabras.com.br\/pt\/ubicacion\/#primaryimage","url":"https:\/\/www.actuabras.com.br\/pt\/wp-content\/uploads\/sites\/3\/2022\/12\/actuabras-scaled.webp","contentUrl":"https:\/\/www.actuabras.com.br\/pt\/wp-content\/uploads\/sites\/3\/2022\/12\/actuabras-scaled.webp","width":2560,"height":867},{"@type":"WebSite","@id":"https:\/\/www.actuabras.com.br\/pt\/#website","url":"https:\/\/www.actuabras.com.br\/pt\/","name":"IMWSA Portugu\u00eas","description":"Otro sitio m\u00e1s de IMW SA Sites","publisher":{"@id":"https:\/\/www.actuabras.com.br\/pt\/#organization"},"potentialAction":[{"@type":"SearchAction","target":{"@type":"EntryPoint","urlTemplate":"https:\/\/www.actuabras.com.br\/pt\/?s={search_term_string}"},"query-input":{"@type":"PropertyValueSpecification","valueRequired":true,"valueName":"search_term_string"}}],"inLanguage":"pt-BR"},{"@type":"Organization","@id":"https:\/\/www.actuabras.com.br\/pt\/#organization","name":"IMWSA Portugu\u00eas","url":"https:\/\/www.actuabras.com.br\/pt\/","logo":{"@type":"ImageObject","inLanguage":"pt-BR","@id":"https:\/\/www.actuabras.com.br\/pt\/#\/schema\/logo\/image\/","url":"https:\/\/www.actuabras.com.br\/pt\/wp-content\/uploads\/sites\/3\/2022\/11\/Logo-ACTUABRAS-e1669304791511.jpg","contentUrl":"https:\/\/www.actuabras.com.br\/pt\/wp-content\/uploads\/sites\/3\/2022\/11\/Logo-ACTUABRAS-e1669304791511.jpg","width":473,"height":217,"caption":"IMWSA Portugu\u00eas"},"image":{"@id":"https:\/\/www.actuabras.com.br\/pt\/#\/schema\/logo\/image\/"}}]}},"_links":{"self":[{"href":"https:\/\/www.actuabras.com.br\/pt\/wp-json\/wp\/v2\/pages\/83","targetHints":{"allow":["GET"]}}],"collection":[{"href":"https:\/\/www.actuabras.com.br\/pt\/wp-json\/wp\/v2\/pages"}],"about":[{"href":"https:\/\/www.actuabras.com.br\/pt\/wp-json\/wp\/v2\/types\/page"}],"author":[{"embeddable":true,"href":"https:\/\/www.actuabras.com.br\/pt\/wp-json\/wp\/v2\/users\/1"}],"replies":[{"embeddable":true,"href":"https:\/\/www.actuabras.com.br\/pt\/wp-json\/wp\/v2\/comments?post=83"}],"version-history":[{"count":19,"href":"https:\/\/www.actuabras.com.br\/pt\/wp-json\/wp\/v2\/pages\/83\/revisions"}],"predecessor-version":[{"id":3038,"href":"https:\/\/www.actuabras.com.br\/pt\/wp-json\/wp\/v2\/pages\/83\/revisions\/3038"}],"wp:attachment":[{"href":"https:\/\/www.actuabras.com.br\/pt\/wp-json\/wp\/v2\/media?parent=83"}],"wp:term":[{"taxonomy":"product_category","embeddable":true,"href":"https:\/\/www.actuabras.com.br\/pt\/wp-json\/wp\/v2\/product_category?post=83"}],"curies":[{"name":"wp","href":"https:\/\/api.w.org\/{rel}","templated":true}]}}