{"id":84,"date":"2021-12-16T19:23:54","date_gmt":"2021-12-16T22:23:54","guid":{"rendered":"http:\/\/imwsa.localhost\/pt\/contacto\/"},"modified":"2022-11-24T14:22:12","modified_gmt":"2022-11-24T17:22:12","slug":"contacto","status":"publish","type":"page","link":"https:\/\/www.actuabras.com.br\/pt\/contacto\/","title":{"rendered":"Contato"},"content":{"rendered":"\n<div class=\"wp-block-cover alignfull wp-duotone-rgb000-rgb6317160-1\" style=\"min-height:25em;aspect-ratio:unset;\"><span aria-hidden=\"true\" class=\"wp-block-cover__background has-background-dim-90 has-background-dim\" style=\"background-color:#3fab3c\"><\/span><img decoding=\"async\" width=\"1872\" height=\"1165\" class=\"wp-block-cover__image-background wp-image-2840\" alt=\"\" src=\"https:\/\/www.actuabras.com.br\/pt\/wp-content\/uploads\/sites\/3\/2022\/10\/welttelefono-1.gif\" data-object-fit=\"cover\"\/><div class=\"wp-block-cover__inner-container is-layout-flow wp-block-cover-is-layout-flow\">\n<h1 class=\"has-text-align-right sombra1 wp-block-heading\">Contato<\/h1>\n\n\n\n<p><\/p>\n<\/div><\/div>\n\n\n\n<div style=\"height:53px\" aria-hidden=\"true\" class=\"wp-block-spacer\"><\/div>\n\n\n\n<div class=\"wp-block-columns is-layout-flex wp-container-core-columns-is-layout-9d6595d7 wp-block-columns-is-layout-flex\">\n<div class=\"wp-block-column is-layout-flow wp-block-column-is-layout-flow\">\n<p class=\"has-text-align-left\">ActuaBras<\/p>\n\n\n\n<p class=\"has-text-align-left\">Rua Diniz Dias, 58, bairro Unida, Ibiruba, RS<\/p>\n\n\n\n<p><a href=\"mailto:comercial@actuabras.com.br\" target=\"_blank\" rel=\"noreferrer noopener\">comercial@actuabras.com.br<\/a><\/p>\n\n\n\n<p class=\"has-text-align-left\"><strong><a href=\"mailto:info@qa.actuabras.com.br\" target=\"_blank\" rel=\"noreferrer noopener\">info@qa.actuabras.com.br<\/a><\/strong><\/p>\n<\/div>\n\n\n\n<div class=\"wp-block-column is-layout-flow wp-block-column-is-layout-flow\">\n<div class=\"wp-block-buttons is-horizontal is-content-justification-center is-layout-flex wp-container-core-buttons-is-layout-499968f5 wp-block-buttons-is-layout-flex\">\n<div class=\"wp-block-button btn-whatsApp\"><a class=\"wp-block-button__link\" href=\"https:\/\/wa.me\/55997235552\" target=\"_blank\" rel=\"noreferrer noopener\">+55-99723-5552<\/a><\/div>\n<\/div>\n<\/div>\n<\/div>\n\n\n\n<div style=\"height:53px\" aria-hidden=\"true\" class=\"wp-block-spacer\"><\/div>\n\n\n\n<div class=\"wpcf7 no-js\" id=\"wpcf7-f1832-o1\" lang=\"es-AR\" dir=\"ltr\" data-wpcf7-id=\"1832\">\n<div class=\"screen-reader-response\"><p role=\"status\" aria-live=\"polite\" aria-atomic=\"true\"><\/p> <ul><\/ul><\/div>\n<form action=\"\/pt\/wp-json\/wp\/v2\/pages\/84#wpcf7-f1832-o1\" method=\"post\" class=\"wpcf7-form init\" aria-label=\"Formulario de contacto\" novalidate=\"novalidate\" data-status=\"init\">\n<div style=\"display: none;\">\n<input type=\"hidden\" name=\"_wpcf7\" value=\"1832\" \/>\n<input type=\"hidden\" name=\"_wpcf7_version\" value=\"6.0.6\" \/>\n<input type=\"hidden\" name=\"_wpcf7_locale\" value=\"es_AR\" \/>\n<input type=\"hidden\" name=\"_wpcf7_unit_tag\" value=\"wpcf7-f1832-o1\" \/>\n<input type=\"hidden\" name=\"_wpcf7_container_post\" value=\"0\" \/>\n<input type=\"hidden\" name=\"_wpcf7_posted_data_hash\" value=\"\" \/>\n<\/div>\n<h3>Dados da Empresa\n<\/h3>\n<div class=\"form-body\">\n\t<p><label> Companhia<br \/>\n<span class=\"wpcf7-form-control-wrap\" data-name=\"contacto-empresa\"><input size=\"40\" maxlength=\"400\" class=\"wpcf7-form-control wpcf7-text wpcf7-validates-as-required\" aria-required=\"true\" aria-invalid=\"false\" value=\"\" type=\"text\" name=\"contacto-empresa\" \/><\/span> <\/label><br \/>\n<label> Nome da pessoa contato<br \/>\n<span class=\"wpcf7-form-control-wrap\" data-name=\"contacto-nombre\"><input size=\"40\" maxlength=\"400\" class=\"wpcf7-form-control wpcf7-text wpcf7-validates-as-required\" aria-required=\"true\" aria-invalid=\"false\" value=\"\" type=\"text\" name=\"contacto-nombre\" \/><\/span> <\/label><br \/>\n<label> Sobrenome da pessoa contato<br \/>\n<span class=\"wpcf7-form-control-wrap\" data-name=\"contacto-apellido\"><input size=\"40\" maxlength=\"400\" class=\"wpcf7-form-control wpcf7-text wpcf7-validates-as-required\" aria-required=\"true\" aria-invalid=\"false\" value=\"\" type=\"text\" name=\"contacto-apellido\" \/><\/span> <\/label><br \/>\n<label> Pais<br \/>\n<span class=\"wpcf7-form-control-wrap\" data-name=\"contacto-pais\"><input size=\"40\" maxlength=\"400\" class=\"wpcf7-form-control wpcf7-text\" aria-invalid=\"false\" value=\"\" type=\"text\" name=\"contacto-pais\" \/><\/span> <\/label><br \/>\n<label> Estado<br \/>\n<span class=\"wpcf7-form-control-wrap\" data-name=\"contacto-provincia\"><input size=\"40\" maxlength=\"400\" class=\"wpcf7-form-control wpcf7-text\" aria-invalid=\"false\" value=\"\" type=\"text\" name=\"contacto-provincia\" \/><\/span> <\/label><br \/>\n<label> Cidade<br \/>\n<span class=\"wpcf7-form-control-wrap\" data-name=\"contacto-ciudad\"><input size=\"40\" maxlength=\"400\" class=\"wpcf7-form-control wpcf7-text\" aria-invalid=\"false\" value=\"\" type=\"text\" name=\"contacto-ciudad\" \/><\/span> <\/label><br \/>\n<label> Endere\u00e7o<br \/>\n<span class=\"wpcf7-form-control-wrap\" data-name=\"contacto-direccion\"><input size=\"40\" maxlength=\"400\" class=\"wpcf7-form-control wpcf7-text\" aria-invalid=\"false\" value=\"\" type=\"text\" name=\"contacto-direccion\" \/><\/span> <\/label><br \/>\n<label> e-mail<br \/>\n<span class=\"wpcf7-form-control-wrap\" data-name=\"contacto-email\"><input size=\"40\" maxlength=\"400\" class=\"wpcf7-form-control wpcf7-email wpcf7-validates-as-required wpcf7-text wpcf7-validates-as-email\" aria-required=\"true\" aria-invalid=\"false\" value=\"\" type=\"email\" name=\"contacto-email\" \/><\/span> <\/label><br \/>\n<label> Telefone<br \/>\n<span class=\"wpcf7-form-control-wrap\" data-name=\"contacto-tel\"><input size=\"40\" maxlength=\"400\" class=\"wpcf7-form-control wpcf7-text\" aria-invalid=\"false\" value=\"\" type=\"text\" name=\"contacto-tel\" \/><\/span> <\/label><br \/>\n<label> Artigos e maquinarias que produz<br \/>\n<span class=\"wpcf7-form-control-wrap\" data-name=\"contacto-rubro\"><input size=\"40\" maxlength=\"400\" class=\"wpcf7-form-control wpcf7-text\" aria-invalid=\"false\" value=\"\" type=\"text\" name=\"contacto-rubro\" \/><\/span> <\/label>\n\t<\/p>\n<\/div>\n<h3>Aplica\u00e7\u00e3o Base\n<\/h3>\n<div class=\"form-body\">\n\t<p><label> For\u00e7a M\u00e1x Necess\u00e1ria<br \/>\n<span class=\"wpcf7-form-control-wrap\" data-name=\"contacto-carga-max\"><input size=\"40\" maxlength=\"400\" class=\"wpcf7-form-control wpcf7-text\" aria-invalid=\"false\" value=\"\" type=\"text\" name=\"contacto-carga-max\" \/><\/span> <\/label><br \/>\n<label> Quantidade de ciclos por hora<br \/>\n<span class=\"wpcf7-form-control-wrap\" data-name=\"contacto-ciclos-hora\"><input size=\"40\" maxlength=\"400\" class=\"wpcf7-form-control wpcf7-text\" aria-invalid=\"false\" value=\"\" type=\"text\" name=\"contacto-ciclos-hora\" \/><\/span> <\/label><br \/>\n<label> Quantidade Anual necess\u00e1ria<br \/>\n<span class=\"wpcf7-form-control-wrap\" data-name=\"contacto-cantidad-anual\"><input size=\"40\" maxlength=\"400\" class=\"wpcf7-form-control wpcf7-text\" aria-invalid=\"false\" value=\"\" type=\"text\" name=\"contacto-cantidad-anual\" \/><\/span> <\/label><br \/>\n<label> Velocidade (mm\/seg)<br \/>\n<span class=\"wpcf7-form-control-wrap\" data-name=\"contacto-velocidad\"><input size=\"40\" maxlength=\"400\" class=\"wpcf7-form-control wpcf7-text\" aria-invalid=\"false\" value=\"\" type=\"text\" name=\"contacto-velocidad\" \/><\/span> <\/label><br \/>\n<label> Percurso do pist\u00e3o necess\u00e1rio<br \/>\n<span class=\"wpcf7-form-control-wrap\" data-name=\"contacto-recorrido-piston\"><input size=\"40\" maxlength=\"400\" class=\"wpcf7-form-control wpcf7-text\" aria-invalid=\"false\" value=\"\" type=\"text\" name=\"contacto-recorrido-piston\" \/><\/span> <\/label><br \/>\n<label> Voltagem<br \/>\n<span class=\"wpcf7-form-control-wrap\" data-name=\"contacto-voltaje\"><input size=\"40\" maxlength=\"400\" class=\"wpcf7-form-control wpcf7-text\" aria-invalid=\"false\" value=\"\" type=\"text\" name=\"contacto-voltaje\" \/><\/span> <\/label>\n\t<\/p>\n\t<div>\n\t\t<h5>Precisa\n\t\t<\/h5>\n\t\t<p><span class=\"wpcf7-form-control-wrap\" data-name=\"Necesita\"><span class=\"wpcf7-form-control wpcf7-radio\"><span class=\"wpcf7-list-item first\"><label><input type=\"radio\" name=\"Necesita\" value=\"Fim de Percurso\" checked=\"checked\" \/><span class=\"wpcf7-list-item-label\">Fim de Percurso<\/span><\/label><\/span><span class=\"wpcf7-list-item\"><label><input type=\"radio\" name=\"Necesita\" value=\"Embreagem\" \/><span class=\"wpcf7-list-item-label\">Embreagem<\/span><\/label><\/span><span class=\"wpcf7-list-item\"><label><input type=\"radio\" name=\"Necesita\" value=\"Retroalimenta\u00e7\u00e3o Eletr\u00f3nica com Potenciometro\" \/><span class=\"wpcf7-list-item-label\">Retroalimenta\u00e7\u00e3o Eletr\u00f3nica com Potenciometro<\/span><\/label><\/span><span class=\"wpcf7-list-item\"><label><input type=\"radio\" name=\"Necesita\" value=\"Detec\u00e7\u00e3o dos fims de percurso com Efeito Hall\" \/><span class=\"wpcf7-list-item-label\">Detec\u00e7\u00e3o dos fims de percurso com Efeito Hall<\/span><\/label><\/span><span class=\"wpcf7-list-item last\"><label><input type=\"radio\" name=\"Necesita\" value=\"Alguma outra sinal para o PLC\" \/><span class=\"wpcf7-list-item-label\">Alguma outra sinal para o PLC<\/span><\/label><\/span><\/span><\/span>\n\t\t<\/p>\n\t<\/div>\n\t<div>\n\t\t<h5>Ambiente de Trabalho\n\t\t<\/h5>\n\t\t<p><span class=\"wpcf7-form-control-wrap\" data-name=\"Medioambientedetrabajo\"><span class=\"wpcf7-form-control wpcf7-radio\"><span class=\"wpcf7-list-item first\"><label><input type=\"radio\" name=\"Medioambientedetrabajo\" value=\"Intep\u00e9rie\" checked=\"checked\" \/><span class=\"wpcf7-list-item-label\">Intep\u00e9rie<\/span><\/label><\/span><span class=\"wpcf7-list-item\"><label><input type=\"radio\" name=\"Medioambientedetrabajo\" value=\"P\u00f3\" \/><span class=\"wpcf7-list-item-label\">P\u00f3<\/span><\/label><\/span><span class=\"wpcf7-list-item\"><label><input type=\"radio\" name=\"Medioambientedetrabajo\" value=\"Agress\u00e3o Qu\u00edmica\" \/><span class=\"wpcf7-list-item-label\">Agress\u00e3o Qu\u00edmica<\/span><\/label><\/span><span class=\"wpcf7-list-item\"><label><input type=\"radio\" name=\"Medioambientedetrabajo\" value=\"Agua com Press\u00e3o\" \/><span class=\"wpcf7-list-item-label\">Agua com Press\u00e3o<\/span><\/label><\/span><span class=\"wpcf7-list-item\"><label><input type=\"radio\" name=\"Medioambientedetrabajo\" value=\"Temperatura\" \/><span class=\"wpcf7-list-item-label\">Temperatura<\/span><\/label><\/span><span class=\"wpcf7-list-item last\"><label><input type=\"radio\" name=\"Medioambientedetrabajo\" value=\"Vibra\u00e7\u00f5es\" \/><span class=\"wpcf7-list-item-label\">Vibra\u00e7\u00f5es<\/span><\/label><\/span><\/span><\/span>\n\t\t<\/p>\n\t<\/div>\n<\/div>\n<h3>Consulta\n<\/h3>\n<p><label><br \/>\n<span class=\"wpcf7-form-control-wrap\" data-name=\"contacto-consulta\"><textarea cols=\"40\" rows=\"10\" maxlength=\"2000\" class=\"wpcf7-form-control wpcf7-textarea wpcf7-validates-as-required\" aria-required=\"true\" aria-invalid=\"false\" name=\"contacto-consulta\"><\/textarea><\/span> <\/label>\n<\/p>\n<p><input class=\"wpcf7-form-control wpcf7-submit has-spinner\" type=\"submit\" value=\"Enviar\" \/>\n<\/p><div class=\"wpcf7-response-output\" aria-hidden=\"true\"><\/div>\n<\/form>\n<\/div>\n\n","protected":false},"excerpt":{"rendered":"<p>ActuaBras Rua Diniz Dias, 58, bairro Unida, Ibiruba, RS comercial@actuabras.com.br info@qa.actuabras.com.br&hellip; <a class=\"more-link\" href=\"https:\/\/www.actuabras.com.br\/pt\/contacto\/\">Mas info<\/a><\/p>\n","protected":false},"author":1,"featured_media":0,"parent":0,"menu_order":0,"comment_status":"closed","ping_status":"closed","template":"","meta":{"_acf_changed":false,"footnotes":""},"product_category":[],"class_list":["post-84","page","type-page","status-publish","hentry","entry"],"acf":[],"yoast_head":"<!-- This site is optimized with the Yoast SEO plugin v24.9 - https:\/\/yoast.com\/wordpress\/plugins\/seo\/ -->\n<title>Contato - IMWSA Portugu\u00eas<\/title>\n<meta name=\"robots\" content=\"index, follow, max-snippet:-1, max-image-preview:large, max-video-preview:-1\" \/>\n<link rel=\"canonical\" href=\"https:\/\/www.actuabras.com.br\/pt\/contacto\/\" \/>\n<meta property=\"og:locale\" content=\"pt_BR\" \/>\n<meta property=\"og:type\" content=\"article\" \/>\n<meta property=\"og:title\" content=\"Contato - IMWSA Portugu\u00eas\" \/>\n<meta property=\"og:description\" content=\"ActuaBras Rua Diniz Dias, 58, bairro Unida, Ibiruba, RS comercial@actuabras.com.br info@qa.actuabras.com.br&hellip; Mas info\" \/>\n<meta property=\"og:url\" content=\"https:\/\/www.actuabras.com.br\/pt\/contacto\/\" \/>\n<meta property=\"og:site_name\" content=\"IMWSA Portugu\u00eas\" \/>\n<meta property=\"article:modified_time\" content=\"2022-11-24T17:22:12+00:00\" \/>\n<meta property=\"og:image\" content=\"https:\/\/www.actuabras.com.br\/pt\/wp-content\/uploads\/sites\/3\/2022\/10\/welttelefono-1.gif\" \/>\n<meta name=\"twitter:card\" content=\"summary_large_image\" \/>\n<meta name=\"twitter:label1\" content=\"Est. tempo de leitura\" \/>\n\t<meta name=\"twitter:data1\" content=\"1 minuto\" \/>\n<script type=\"application\/ld+json\" class=\"yoast-schema-graph\">{\"@context\":\"https:\/\/schema.org\",\"@graph\":[{\"@type\":\"WebPage\",\"@id\":\"https:\/\/www.actuabras.com.br\/pt\/contacto\/\",\"url\":\"https:\/\/www.actuabras.com.br\/pt\/contacto\/\",\"name\":\"Contato - IMWSA Portugu\u00eas\",\"isPartOf\":{\"@id\":\"https:\/\/www.actuabras.com.br\/pt\/#website\"},\"primaryImageOfPage\":{\"@id\":\"https:\/\/www.actuabras.com.br\/pt\/contacto\/#primaryimage\"},\"image\":{\"@id\":\"https:\/\/www.actuabras.com.br\/pt\/contacto\/#primaryimage\"},\"thumbnailUrl\":\"https:\/\/www.actuabras.com.br\/pt\/wp-content\/uploads\/sites\/3\/2022\/10\/welttelefono-1.gif\",\"datePublished\":\"2021-12-16T22:23:54+00:00\",\"dateModified\":\"2022-11-24T17:22:12+00:00\",\"inLanguage\":\"pt-BR\",\"potentialAction\":[{\"@type\":\"ReadAction\",\"target\":[\"https:\/\/www.actuabras.com.br\/pt\/contacto\/\"]}]},{\"@type\":\"ImageObject\",\"inLanguage\":\"pt-BR\",\"@id\":\"https:\/\/www.actuabras.com.br\/pt\/contacto\/#primaryimage\",\"url\":\"https:\/\/www.actuabras.com.br\/pt\/wp-content\/uploads\/sites\/3\/2022\/10\/welttelefono-1.gif\",\"contentUrl\":\"https:\/\/www.actuabras.com.br\/pt\/wp-content\/uploads\/sites\/3\/2022\/10\/welttelefono-1.gif\",\"width\":1872,\"height\":1165},{\"@type\":\"WebSite\",\"@id\":\"https:\/\/www.actuabras.com.br\/pt\/#website\",\"url\":\"https:\/\/www.actuabras.com.br\/pt\/\",\"name\":\"IMWSA Portugu\u00eas\",\"description\":\"Otro sitio m\u00e1s de IMW SA Sites\",\"publisher\":{\"@id\":\"https:\/\/www.actuabras.com.br\/pt\/#organization\"},\"potentialAction\":[{\"@type\":\"SearchAction\",\"target\":{\"@type\":\"EntryPoint\",\"urlTemplate\":\"https:\/\/www.actuabras.com.br\/pt\/?s={search_term_string}\"},\"query-input\":{\"@type\":\"PropertyValueSpecification\",\"valueRequired\":true,\"valueName\":\"search_term_string\"}}],\"inLanguage\":\"pt-BR\"},{\"@type\":\"Organization\",\"@id\":\"https:\/\/www.actuabras.com.br\/pt\/#organization\",\"name\":\"IMWSA Portugu\u00eas\",\"url\":\"https:\/\/www.actuabras.com.br\/pt\/\",\"logo\":{\"@type\":\"ImageObject\",\"inLanguage\":\"pt-BR\",\"@id\":\"https:\/\/www.actuabras.com.br\/pt\/#\/schema\/logo\/image\/\",\"url\":\"https:\/\/www.actuabras.com.br\/pt\/wp-content\/uploads\/sites\/3\/2022\/11\/Logo-ACTUABRAS-e1669304791511.jpg\",\"contentUrl\":\"https:\/\/www.actuabras.com.br\/pt\/wp-content\/uploads\/sites\/3\/2022\/11\/Logo-ACTUABRAS-e1669304791511.jpg\",\"width\":473,\"height\":217,\"caption\":\"IMWSA Portugu\u00eas\"},\"image\":{\"@id\":\"https:\/\/www.actuabras.com.br\/pt\/#\/schema\/logo\/image\/\"}}]}<\/script>\n<!-- \/ Yoast SEO plugin. -->","yoast_head_json":{"title":"Contato - IMWSA Portugu\u00eas","robots":{"index":"index","follow":"follow","max-snippet":"max-snippet:-1","max-image-preview":"max-image-preview:large","max-video-preview":"max-video-preview:-1"},"canonical":"https:\/\/www.actuabras.com.br\/pt\/contacto\/","og_locale":"pt_BR","og_type":"article","og_title":"Contato - IMWSA Portugu\u00eas","og_description":"ActuaBras Rua Diniz Dias, 58, bairro Unida, Ibiruba, RS comercial@actuabras.com.br info@qa.actuabras.com.br&hellip; Mas info","og_url":"https:\/\/www.actuabras.com.br\/pt\/contacto\/","og_site_name":"IMWSA Portugu\u00eas","article_modified_time":"2022-11-24T17:22:12+00:00","og_image":[{"url":"https:\/\/www.actuabras.com.br\/pt\/wp-content\/uploads\/sites\/3\/2022\/10\/welttelefono-1.gif","type":"","width":"","height":""}],"twitter_card":"summary_large_image","twitter_misc":{"Est. tempo de leitura":"1 minuto"},"schema":{"@context":"https:\/\/schema.org","@graph":[{"@type":"WebPage","@id":"https:\/\/www.actuabras.com.br\/pt\/contacto\/","url":"https:\/\/www.actuabras.com.br\/pt\/contacto\/","name":"Contato - IMWSA Portugu\u00eas","isPartOf":{"@id":"https:\/\/www.actuabras.com.br\/pt\/#website"},"primaryImageOfPage":{"@id":"https:\/\/www.actuabras.com.br\/pt\/contacto\/#primaryimage"},"image":{"@id":"https:\/\/www.actuabras.com.br\/pt\/contacto\/#primaryimage"},"thumbnailUrl":"https:\/\/www.actuabras.com.br\/pt\/wp-content\/uploads\/sites\/3\/2022\/10\/welttelefono-1.gif","datePublished":"2021-12-16T22:23:54+00:00","dateModified":"2022-11-24T17:22:12+00:00","inLanguage":"pt-BR","potentialAction":[{"@type":"ReadAction","target":["https:\/\/www.actuabras.com.br\/pt\/contacto\/"]}]},{"@type":"ImageObject","inLanguage":"pt-BR","@id":"https:\/\/www.actuabras.com.br\/pt\/contacto\/#primaryimage","url":"https:\/\/www.actuabras.com.br\/pt\/wp-content\/uploads\/sites\/3\/2022\/10\/welttelefono-1.gif","contentUrl":"https:\/\/www.actuabras.com.br\/pt\/wp-content\/uploads\/sites\/3\/2022\/10\/welttelefono-1.gif","width":1872,"height":1165},{"@type":"WebSite","@id":"https:\/\/www.actuabras.com.br\/pt\/#website","url":"https:\/\/www.actuabras.com.br\/pt\/","name":"IMWSA Portugu\u00eas","description":"Otro sitio m\u00e1s de IMW SA Sites","publisher":{"@id":"https:\/\/www.actuabras.com.br\/pt\/#organization"},"potentialAction":[{"@type":"SearchAction","target":{"@type":"EntryPoint","urlTemplate":"https:\/\/www.actuabras.com.br\/pt\/?s={search_term_string}"},"query-input":{"@type":"PropertyValueSpecification","valueRequired":true,"valueName":"search_term_string"}}],"inLanguage":"pt-BR"},{"@type":"Organization","@id":"https:\/\/www.actuabras.com.br\/pt\/#organization","name":"IMWSA Portugu\u00eas","url":"https:\/\/www.actuabras.com.br\/pt\/","logo":{"@type":"ImageObject","inLanguage":"pt-BR","@id":"https:\/\/www.actuabras.com.br\/pt\/#\/schema\/logo\/image\/","url":"https:\/\/www.actuabras.com.br\/pt\/wp-content\/uploads\/sites\/3\/2022\/11\/Logo-ACTUABRAS-e1669304791511.jpg","contentUrl":"https:\/\/www.actuabras.com.br\/pt\/wp-content\/uploads\/sites\/3\/2022\/11\/Logo-ACTUABRAS-e1669304791511.jpg","width":473,"height":217,"caption":"IMWSA Portugu\u00eas"},"image":{"@id":"https:\/\/www.actuabras.com.br\/pt\/#\/schema\/logo\/image\/"}}]}},"_links":{"self":[{"href":"https:\/\/www.actuabras.com.br\/pt\/wp-json\/wp\/v2\/pages\/84","targetHints":{"allow":["GET"]}}],"collection":[{"href":"https:\/\/www.actuabras.com.br\/pt\/wp-json\/wp\/v2\/pages"}],"about":[{"href":"https:\/\/www.actuabras.com.br\/pt\/wp-json\/wp\/v2\/types\/page"}],"author":[{"embeddable":true,"href":"https:\/\/www.actuabras.com.br\/pt\/wp-json\/wp\/v2\/users\/1"}],"replies":[{"embeddable":true,"href":"https:\/\/www.actuabras.com.br\/pt\/wp-json\/wp\/v2\/comments?post=84"}],"version-history":[{"count":17,"href":"https:\/\/www.actuabras.com.br\/pt\/wp-json\/wp\/v2\/pages\/84\/revisions"}],"predecessor-version":[{"id":2997,"href":"https:\/\/www.actuabras.com.br\/pt\/wp-json\/wp\/v2\/pages\/84\/revisions\/2997"}],"wp:attachment":[{"href":"https:\/\/www.actuabras.com.br\/pt\/wp-json\/wp\/v2\/media?parent=84"}],"wp:term":[{"taxonomy":"product_category","embeddable":true,"href":"https:\/\/www.actuabras.com.br\/pt\/wp-json\/wp\/v2\/product_category?post=84"}],"curies":[{"name":"wp","href":"https:\/\/api.w.org\/{rel}","templated":true}]}}