{"id":87,"date":"2021-12-17T13:47:55","date_gmt":"2021-12-17T16:47:55","guid":{"rendered":"http:\/\/imwsa.localhost\/pt\/home2\/"},"modified":"2022-11-24T16:10:28","modified_gmt":"2022-11-24T19:10:28","slug":"home","status":"publish","type":"page","link":"https:\/\/www.actuabras.com.br\/pt\/","title":{"rendered":"Home"},"content":{"rendered":"\n<div class=\"wp-block-cover alignfull bloque-full-h wp-duotone-rgb6317160-rgb255255255-1\" style=\"min-height:615px;aspect-ratio:unset;\"><span aria-hidden=\"true\" class=\"wp-block-cover__background has-background-dim-90 has-background-dim\" style=\"background-color:#3fab3c\"><\/span><img decoding=\"async\" width=\"1819\" height=\"1080\" class=\"wp-block-cover__image-background wp-image-2940\" alt=\"\" src=\"https:\/\/www.actuabras.com.br\/pt\/wp-content\/uploads\/sites\/3\/2022\/11\/Aactuabras2-e1669316740757.webp\" data-object-fit=\"cover\" srcset=\"https:\/\/www.actuabras.com.br\/pt\/wp-content\/uploads\/sites\/3\/2022\/11\/Aactuabras2-e1669316740757.webp 1819w, https:\/\/www.actuabras.com.br\/pt\/wp-content\/uploads\/sites\/3\/2022\/11\/Aactuabras2-e1669316740757-300x178.webp 300w, https:\/\/www.actuabras.com.br\/pt\/wp-content\/uploads\/sites\/3\/2022\/11\/Aactuabras2-e1669316740757-1024x608.webp 1024w, https:\/\/www.actuabras.com.br\/pt\/wp-content\/uploads\/sites\/3\/2022\/11\/Aactuabras2-e1669316740757-768x456.webp 768w, https:\/\/www.actuabras.com.br\/pt\/wp-content\/uploads\/sites\/3\/2022\/11\/Aactuabras2-e1669316740757-1536x912.webp 1536w, https:\/\/www.actuabras.com.br\/pt\/wp-content\/uploads\/sites\/3\/2022\/11\/Aactuabras2-e1669316740757-1568x931.webp 1568w\" sizes=\"(max-width: 1819px) 100vw, 1819px\" \/><div class=\"wp-block-cover__inner-container is-layout-flow wp-block-cover-is-layout-flow\">\n<div class=\"wp-block-columns is-layout-flex wp-container-core-columns-is-layout-9d6595d7 wp-block-columns-is-layout-flex\">\n<div class=\"wp-block-column is-layout-flow wp-block-column-is-layout-flow\"><\/div>\n\n\n\n<div class=\"wp-block-column is-layout-flow wp-block-column-is-layout-flow\">\n<h2 class=\"has-text-color wp-block-heading\" style=\"color:#f2f20a\"><strong>Bem-Vindos a<\/strong><\/h2>\n\n\n\n<h1 class=\"has-text-align-left has-black-color has-text-color wp-block-heading\">ActuaBras<\/h1>\n\n\n\n<h2 class=\"has-black-color has-text-color has-large-font-size wp-block-heading\">Solu\u00e7\u00e3o em atuadores el\u00e9ctricos<\/h2>\n<\/div>\n<\/div>\n<\/div><\/div>\n\n\n\n<div style=\"height:100px\" aria-hidden=\"true\" class=\"wp-block-spacer\"><\/div>\n\n\n\n<h2 class=\"wp-block-heading\">Nossa Miss\u00e3o<\/h2>\n\n\n\n<p>Fabricar&nbsp;<strong>Atuadores El\u00e9tricos<\/strong>, com Qualidade de Clase Mundial, procurando a melhor rela\u00e7\u00e3o&nbsp; Custo-Beneficio, Servi\u00e7o Post Vendas perdurable no tempo, para chegar \u00e1 prefer\u00eancia de nossos clientes.<\/p>\n\n\n\n<p>Como as\u00ed tamb\u00e9m trabalhar para desenvolver um ambente de trabalho com seguran\u00e7a para nosso pessoal e para os usu\u00e1rios de nossos productos.<\/p>\n\n\n\n<p><\/p>\n\n\n\n<h2 class=\"wp-block-heading\">\u00c1reas de&nbsp;Negocio<\/h2>\n\n\n\n<div class=\"wp-block-columns is-layout-flex wp-container-core-columns-is-layout-9d6595d7 wp-block-columns-is-layout-flex\">\n<div class=\"wp-block-column is-layout-flow wp-block-column-is-layout-flow\">\n<h3 class=\"wp-block-heading\">Atuadores El\u00e9tricos<\/h3>\n\n\n\n<p>Nossa &nbsp;ampla gama de Atuadores El\u00e9tricos foram desenhados para trabalhar livre de manuten\u00e7\u00e3o, em interior&nbsp;e exterior, em ambientes hostiles, com temperaturas de trabalho at\u00e9 95\u00baC, sem a utiliza\u00e7\u00e3o de ar comprimido nem \u00f3leo, nem a necessidade de usar filtros ou mangueiras, etc. elimin\u00e1ndo a possibilidade de perdas.&nbsp;<br>Podem trabalhar com cargas que v\u00e3o desde os 12 kg at\u00e9 680 kg. com a possibilidade de manter a carga.<br>Velocidades desde 5 at\u00e9 76 mm\/seg. Percursos desde 12,7 mm at\u00e9 800mm, &nbsp;em 12 e 24 vcc de voltagem.<br>Parafuso&nbsp;com esferas ou Acme.<br>Adem\u00e1is cada produto t\u00eam diferentes op\u00e7\u00f5es como: freios, embragem, sensores de fim de percurso,&nbsp; sinal de efeito hall, retroalimenta\u00e7\u00e3o eletr\u00f3nica, etc.<\/p>\n<\/div>\n\n\n\n<div class=\"wp-block-column is-layout-flow wp-block-column-is-layout-flow\">\n<\/div>\n<\/div>\n\n\n\n<hr class=\"wp-block-separator has-css-opacity is-style-dots\"\/>\n\n\n\n<div class=\"wp-block-columns is-layout-flex wp-container-core-columns-is-layout-9d6595d7 wp-block-columns-is-layout-flex\">\n<div class=\"wp-block-column is-layout-flow wp-block-column-is-layout-flow\">\n<h3 class=\"wp-block-heading\">Atuadores Rotativos<\/h3>\n\n\n\n<p>Nossos Atuadores Rotativos foram desenhados para trabalhar com &nbsp;diferentes elementos como engranagem, pulley, etc. que nos permitan movimentar distancias maiores que os Atuadores Lineares, possuem pequenas dimens\u00f5es com torques at\u00e9 180 kg.cm e velocidades at\u00e9 1200 RPM, para trabalhos ao intemp\u00e9rie, voltagem de 12 e 24 vcc. Tem a op\u00e7\u00e3o de embragem, retroalimenta\u00e7\u00e3o eletr\u00f3nica, o efeito hall, isso faz que sejan produtos usados em muitos usos.<\/p>\n<\/div>\n\n\n\n<div class=\"wp-block-column is-layout-flow wp-block-column-is-layout-flow\">\n<\/div>\n<\/div>\n\n\n\n<hr class=\"wp-block-separator has-css-opacity is-style-dots\"\/>\n\n\n\n<div class=\"wp-block-columns is-layout-flex wp-container-core-columns-is-layout-9d6595d7 wp-block-columns-is-layout-flex\">\n<div class=\"wp-block-column is-layout-flow wp-block-column-is-layout-flow\">\n<h3 class=\"wp-block-heading\">Sistema de Controle de Atuadores<\/h3>\n\n\n\n<p>Nosos sitemas de Controle foram desenvolvidos espec\u00edficamente como soporte de cada um de nossas familias e como garant\u00eda dum \u00f3timo funcionamento. Nossas caixas de contole foram desenvolvidas com as prote\u00e7\u00f5es t\u00e9rmicas para cada tipo de motor.<\/p>\n<\/div>\n\n\n\n<div class=\"wp-block-column is-layout-flow wp-block-column-is-layout-flow\">\n<\/div>\n<\/div>\n\n\n\n<hr class=\"wp-block-separator has-css-opacity is-style-dots\"\/>\n\n\n\n<div class=\"wp-block-columns is-layout-flex wp-container-core-columns-is-layout-9d6595d7 wp-block-columns-is-layout-flex\">\n<div class=\"wp-block-column is-layout-flow wp-block-column-is-layout-flow\">\n<h3 class=\"wp-block-heading\">Produtos Especiais<\/h3>\n\n\n\n<p>Desenhamos e instalamos Sistemas Especiais a Pedido. De acordo com o requerimento dos clientes se desenha a Eletr\u00f3nica em comjun\u00e7\u00e3o com nosson Atuadores El\u00e9tricos.<\/p>\n<\/div>\n\n\n\n<div class=\"wp-block-column is-layout-flow wp-block-column-is-layout-flow\">\n<\/div>\n<\/div>\n","protected":false},"excerpt":{"rendered":"<p>Nossa Miss\u00e3o Fabricar&nbsp;Atuadores El\u00e9tricos, com Qualidade de Clase Mundial, procurando a melhor rela\u00e7\u00e3o&nbsp; Custo-Beneficio, Servi\u00e7o Post Vendas perdurable no tempo, para chegar \u00e1 prefer\u00eancia de nossos clientes. Como as\u00ed tamb\u00e9m trabalhar para desenvolver um ambente de trabalho com seguran\u00e7a para nosso pessoal e para os usu\u00e1rios de nossos productos. \u00c1reas de&nbsp;Negocio Atuadores El\u00e9tricos Nossa &nbsp;ampla [&hellip;]&hellip; <a class=\"more-link\" href=\"https:\/\/www.actuabras.com.br\/pt\/\">Mas info<\/a><\/p>\n","protected":false},"author":1,"featured_media":0,"parent":0,"menu_order":0,"comment_status":"closed","ping_status":"closed","template":"","meta":{"_acf_changed":false,"footnotes":""},"product_category":[],"class_list":["post-87","page","type-page","status-publish","hentry","entry"],"acf":[],"yoast_head":"<!-- This site is optimized with the Yoast SEO plugin v24.9 - https:\/\/yoast.com\/wordpress\/plugins\/seo\/ -->\n<title>Home - IMWSA Portugu\u00eas<\/title>\n<meta name=\"robots\" content=\"index, follow, max-snippet:-1, max-image-preview:large, max-video-preview:-1\" \/>\n<link rel=\"canonical\" href=\"https:\/\/www.actuabras.com.br\/pt\/\" \/>\n<meta property=\"og:locale\" content=\"pt_BR\" \/>\n<meta property=\"og:type\" content=\"article\" \/>\n<meta property=\"og:title\" content=\"Home - IMWSA Portugu\u00eas\" \/>\n<meta property=\"og:description\" content=\"Nossa Miss\u00e3o Fabricar&nbsp;Atuadores El\u00e9tricos, com Qualidade de Clase Mundial, procurando a melhor rela\u00e7\u00e3o&nbsp; Custo-Beneficio, Servi\u00e7o Post Vendas perdurable no tempo, para chegar \u00e1 prefer\u00eancia de nossos clientes. Como as\u00ed tamb\u00e9m trabalhar para desenvolver um ambente de trabalho com seguran\u00e7a para nosso pessoal e para os usu\u00e1rios de nossos productos. \u00c1reas de&nbsp;Negocio Atuadores El\u00e9tricos Nossa &nbsp;ampla [&hellip;]&hellip; Mas info\" \/>\n<meta property=\"og:url\" content=\"https:\/\/www.actuabras.com.br\/pt\/\" \/>\n<meta property=\"og:site_name\" content=\"IMWSA Portugu\u00eas\" \/>\n<meta property=\"article:modified_time\" content=\"2022-11-24T19:10:28+00:00\" \/>\n<meta property=\"og:image\" content=\"https:\/\/www.actuabras.com.br\/pt\/wp-content\/uploads\/sites\/3\/2022\/11\/Aactuabras2-e1669316740757.webp\" \/>\n<meta name=\"twitter:card\" content=\"summary_large_image\" \/>\n<meta name=\"twitter:label1\" content=\"Est. tempo de leitura\" \/>\n\t<meta name=\"twitter:data1\" content=\"2 minutos\" \/>\n<script type=\"application\/ld+json\" class=\"yoast-schema-graph\">{\"@context\":\"https:\/\/schema.org\",\"@graph\":[{\"@type\":\"WebPage\",\"@id\":\"https:\/\/www.actuabras.com.br\/pt\/\",\"url\":\"https:\/\/www.actuabras.com.br\/pt\/\",\"name\":\"Home - IMWSA Portugu\u00eas\",\"isPartOf\":{\"@id\":\"https:\/\/www.actuabras.com.br\/pt\/#website\"},\"primaryImageOfPage\":{\"@id\":\"https:\/\/www.actuabras.com.br\/pt\/#primaryimage\"},\"image\":{\"@id\":\"https:\/\/www.actuabras.com.br\/pt\/#primaryimage\"},\"thumbnailUrl\":\"https:\/\/www.actuabras.com.br\/pt\/wp-content\/uploads\/sites\/3\/2022\/11\/Aactuabras2-e1669316740757.webp\",\"datePublished\":\"2021-12-17T16:47:55+00:00\",\"dateModified\":\"2022-11-24T19:10:28+00:00\",\"inLanguage\":\"pt-BR\",\"potentialAction\":[{\"@type\":\"ReadAction\",\"target\":[\"https:\/\/www.actuabras.com.br\/pt\/\"]}]},{\"@type\":\"ImageObject\",\"inLanguage\":\"pt-BR\",\"@id\":\"https:\/\/www.actuabras.com.br\/pt\/#primaryimage\",\"url\":\"https:\/\/www.actuabras.com.br\/pt\/wp-content\/uploads\/sites\/3\/2022\/11\/Aactuabras2-e1669316740757.webp\",\"contentUrl\":\"https:\/\/www.actuabras.com.br\/pt\/wp-content\/uploads\/sites\/3\/2022\/11\/Aactuabras2-e1669316740757.webp\",\"width\":1819,\"height\":1080},{\"@type\":\"WebSite\",\"@id\":\"https:\/\/www.actuabras.com.br\/pt\/#website\",\"url\":\"https:\/\/www.actuabras.com.br\/pt\/\",\"name\":\"IMWSA Portugu\u00eas\",\"description\":\"Otro sitio m\u00e1s de IMW SA Sites\",\"publisher\":{\"@id\":\"https:\/\/www.actuabras.com.br\/pt\/#organization\"},\"potentialAction\":[{\"@type\":\"SearchAction\",\"target\":{\"@type\":\"EntryPoint\",\"urlTemplate\":\"https:\/\/www.actuabras.com.br\/pt\/?s={search_term_string}\"},\"query-input\":{\"@type\":\"PropertyValueSpecification\",\"valueRequired\":true,\"valueName\":\"search_term_string\"}}],\"inLanguage\":\"pt-BR\"},{\"@type\":\"Organization\",\"@id\":\"https:\/\/www.actuabras.com.br\/pt\/#organization\",\"name\":\"IMWSA Portugu\u00eas\",\"url\":\"https:\/\/www.actuabras.com.br\/pt\/\",\"logo\":{\"@type\":\"ImageObject\",\"inLanguage\":\"pt-BR\",\"@id\":\"https:\/\/www.actuabras.com.br\/pt\/#\/schema\/logo\/image\/\",\"url\":\"https:\/\/www.actuabras.com.br\/pt\/wp-content\/uploads\/sites\/3\/2022\/11\/Logo-ACTUABRAS-e1669304791511.jpg\",\"contentUrl\":\"https:\/\/www.actuabras.com.br\/pt\/wp-content\/uploads\/sites\/3\/2022\/11\/Logo-ACTUABRAS-e1669304791511.jpg\",\"width\":473,\"height\":217,\"caption\":\"IMWSA Portugu\u00eas\"},\"image\":{\"@id\":\"https:\/\/www.actuabras.com.br\/pt\/#\/schema\/logo\/image\/\"}}]}<\/script>\n<!-- \/ Yoast SEO plugin. -->","yoast_head_json":{"title":"Home - IMWSA Portugu\u00eas","robots":{"index":"index","follow":"follow","max-snippet":"max-snippet:-1","max-image-preview":"max-image-preview:large","max-video-preview":"max-video-preview:-1"},"canonical":"https:\/\/www.actuabras.com.br\/pt\/","og_locale":"pt_BR","og_type":"article","og_title":"Home - IMWSA Portugu\u00eas","og_description":"Nossa Miss\u00e3o Fabricar&nbsp;Atuadores El\u00e9tricos, com Qualidade de Clase Mundial, procurando a melhor rela\u00e7\u00e3o&nbsp; Custo-Beneficio, Servi\u00e7o Post Vendas perdurable no tempo, para chegar \u00e1 prefer\u00eancia de nossos clientes. Como as\u00ed tamb\u00e9m trabalhar para desenvolver um ambente de trabalho com seguran\u00e7a para nosso pessoal e para os usu\u00e1rios de nossos productos. \u00c1reas de&nbsp;Negocio Atuadores El\u00e9tricos Nossa &nbsp;ampla [&hellip;]&hellip; Mas info","og_url":"https:\/\/www.actuabras.com.br\/pt\/","og_site_name":"IMWSA Portugu\u00eas","article_modified_time":"2022-11-24T19:10:28+00:00","og_image":[{"url":"https:\/\/www.actuabras.com.br\/pt\/wp-content\/uploads\/sites\/3\/2022\/11\/Aactuabras2-e1669316740757.webp","type":"","width":"","height":""}],"twitter_card":"summary_large_image","twitter_misc":{"Est. tempo de leitura":"2 minutos"},"schema":{"@context":"https:\/\/schema.org","@graph":[{"@type":"WebPage","@id":"https:\/\/www.actuabras.com.br\/pt\/","url":"https:\/\/www.actuabras.com.br\/pt\/","name":"Home - IMWSA Portugu\u00eas","isPartOf":{"@id":"https:\/\/www.actuabras.com.br\/pt\/#website"},"primaryImageOfPage":{"@id":"https:\/\/www.actuabras.com.br\/pt\/#primaryimage"},"image":{"@id":"https:\/\/www.actuabras.com.br\/pt\/#primaryimage"},"thumbnailUrl":"https:\/\/www.actuabras.com.br\/pt\/wp-content\/uploads\/sites\/3\/2022\/11\/Aactuabras2-e1669316740757.webp","datePublished":"2021-12-17T16:47:55+00:00","dateModified":"2022-11-24T19:10:28+00:00","inLanguage":"pt-BR","potentialAction":[{"@type":"ReadAction","target":["https:\/\/www.actuabras.com.br\/pt\/"]}]},{"@type":"ImageObject","inLanguage":"pt-BR","@id":"https:\/\/www.actuabras.com.br\/pt\/#primaryimage","url":"https:\/\/www.actuabras.com.br\/pt\/wp-content\/uploads\/sites\/3\/2022\/11\/Aactuabras2-e1669316740757.webp","contentUrl":"https:\/\/www.actuabras.com.br\/pt\/wp-content\/uploads\/sites\/3\/2022\/11\/Aactuabras2-e1669316740757.webp","width":1819,"height":1080},{"@type":"WebSite","@id":"https:\/\/www.actuabras.com.br\/pt\/#website","url":"https:\/\/www.actuabras.com.br\/pt\/","name":"IMWSA Portugu\u00eas","description":"Otro sitio m\u00e1s de IMW SA Sites","publisher":{"@id":"https:\/\/www.actuabras.com.br\/pt\/#organization"},"potentialAction":[{"@type":"SearchAction","target":{"@type":"EntryPoint","urlTemplate":"https:\/\/www.actuabras.com.br\/pt\/?s={search_term_string}"},"query-input":{"@type":"PropertyValueSpecification","valueRequired":true,"valueName":"search_term_string"}}],"inLanguage":"pt-BR"},{"@type":"Organization","@id":"https:\/\/www.actuabras.com.br\/pt\/#organization","name":"IMWSA Portugu\u00eas","url":"https:\/\/www.actuabras.com.br\/pt\/","logo":{"@type":"ImageObject","inLanguage":"pt-BR","@id":"https:\/\/www.actuabras.com.br\/pt\/#\/schema\/logo\/image\/","url":"https:\/\/www.actuabras.com.br\/pt\/wp-content\/uploads\/sites\/3\/2022\/11\/Logo-ACTUABRAS-e1669304791511.jpg","contentUrl":"https:\/\/www.actuabras.com.br\/pt\/wp-content\/uploads\/sites\/3\/2022\/11\/Logo-ACTUABRAS-e1669304791511.jpg","width":473,"height":217,"caption":"IMWSA Portugu\u00eas"},"image":{"@id":"https:\/\/www.actuabras.com.br\/pt\/#\/schema\/logo\/image\/"}}]}},"_links":{"self":[{"href":"https:\/\/www.actuabras.com.br\/pt\/wp-json\/wp\/v2\/pages\/87","targetHints":{"allow":["GET"]}}],"collection":[{"href":"https:\/\/www.actuabras.com.br\/pt\/wp-json\/wp\/v2\/pages"}],"about":[{"href":"https:\/\/www.actuabras.com.br\/pt\/wp-json\/wp\/v2\/types\/page"}],"author":[{"embeddable":true,"href":"https:\/\/www.actuabras.com.br\/pt\/wp-json\/wp\/v2\/users\/1"}],"replies":[{"embeddable":true,"href":"https:\/\/www.actuabras.com.br\/pt\/wp-json\/wp\/v2\/comments?post=87"}],"version-history":[{"count":65,"href":"https:\/\/www.actuabras.com.br\/pt\/wp-json\/wp\/v2\/pages\/87\/revisions"}],"predecessor-version":[{"id":3027,"href":"https:\/\/www.actuabras.com.br\/pt\/wp-json\/wp\/v2\/pages\/87\/revisions\/3027"}],"wp:attachment":[{"href":"https:\/\/www.actuabras.com.br\/pt\/wp-json\/wp\/v2\/media?parent=87"}],"wp:term":[{"taxonomy":"product_category","embeddable":true,"href":"https:\/\/www.actuabras.com.br\/pt\/wp-json\/wp\/v2\/product_category?post=87"}],"curies":[{"name":"wp","href":"https:\/\/api.w.org\/{rel}","templated":true}]}}